{"id":9589,"date":"2021-05-24T10:10:16","date_gmt":"2021-05-24T10:10:16","guid":{"rendered":"https:\/\/ustaxweb.azurewebsites.net\/?page_id=9589"},"modified":"2025-03-13T19:23:39","modified_gmt":"2025-03-13T18:23:39","slug":"lista1040","status":"publish","type":"page","link":"https:\/\/ustaxweb.azurewebsites.net\/es\/lista1040\/","title":{"rendered":"Lista de documentaci\u00f3n para el Form 1040"},"content":{"rendered":"<p>[et_pb_section fb_built=\u00bb1&#8243; admin_label=\u00bbHero\u00bb _builder_version=\u00bb4.19.4&#8243; background_enable_color=\u00bboff\u00bb background_image=\u00bbhttps:\/\/ustaxconsultants.es\/wp-content\/uploads\/2023\/02\/Imagen-Web-US-Tax-DESCARGA-DOCUMENTOS.png\u00bb custom_padding=\u00bb|||\u00bb da_disable_devices=\u00bboff|off|off\u00bb locked=\u00bboff\u00bb collapsed=\u00bboff\u00bb global_colors_info=\u00bb{}\u00bb da_is_popup=\u00bboff\u00bb da_exit_intent=\u00bboff\u00bb da_has_close=\u00bbon\u00bb da_alt_close=\u00bboff\u00bb da_dark_close=\u00bboff\u00bb da_not_modal=\u00bbon\u00bb da_is_singular=\u00bboff\u00bb da_with_loader=\u00bboff\u00bb da_has_shadow=\u00bbon\u00bb][et_pb_row _builder_version=\u00bb4.19.4&#8243; background_size=\u00bbinitial\u00bb background_position=\u00bbtop_left\u00bb background_repeat=\u00bbrepeat\u00bb custom_padding=\u00bb10%|0px|10%|0px|true|false\u00bb global_colors_info=\u00bb{}\u00bb][et_pb_column type=\u00bb4_4&#8243; _builder_version=\u00bb4.16&#8243; custom_padding=\u00bb|||\u00bb global_colors_info=\u00bb{}\u00bb custom_padding__hover=\u00bb|||\u00bb][et_pb_text _builder_version=\u00bb4.19.4&#8243; _module_preset=\u00bb201675aa-cb12-4d63-9b8f-0ed7621d7997&#8243; text_font_size=\u00bb20px\u00bb custom_margin_tablet=\u00bb|100px||\u00bb custom_margin_phone=\u00bb|30px||\u00bb custom_margin_last_edited=\u00bboff|desktop\u00bb global_colors_info=\u00bb{}\u00bb]<\/p>\n<h1>Lista de documentaci\u00f3n. Form 1040<\/h1>\n<p>Esto es lo que necesitamos para comenzar a preparar su declaraci\u00f3n de impuestos en EE.UU.<\/p>\n<p>[\/et_pb_text][\/et_pb_column][\/et_pb_row][\/et_pb_section][et_pb_section fb_built=\u00bb1&#8243; _builder_version=\u00bb4.16&#8243; da_disable_devices=\u00bboff|off|off\u00bb locked=\u00bboff\u00bb global_colors_info=\u00bb{}\u00bb da_is_popup=\u00bboff\u00bb da_exit_intent=\u00bboff\u00bb da_has_close=\u00bbon\u00bb da_alt_close=\u00bboff\u00bb da_dark_close=\u00bboff\u00bb da_not_modal=\u00bbon\u00bb da_is_singular=\u00bboff\u00bb da_with_loader=\u00bboff\u00bb da_has_shadow=\u00bbon\u00bb][et_pb_row _builder_version=\u00bb4.19.4&#8243; background_size=\u00bbinitial\u00bb background_position=\u00bbtop_left\u00bb background_repeat=\u00bbrepeat\u00bb custom_padding=\u00bb27px|0px|27px|0px|false|false\u00bb global_colors_info=\u00bb{}\u00bb][et_pb_column type=\u00bb4_4&#8243; _builder_version=\u00bb4.16&#8243; custom_padding=\u00bb|||\u00bb global_colors_info=\u00bb{}\u00bb custom_padding__hover=\u00bb|||\u00bb][et_pb_text _builder_version=\u00bb4.27.4&#8243; text_font=\u00bb||||||||\u00bb text_font_size=\u00bb15px\u00bb text_line_height=\u00bb1.9em\u00bb header_font=\u00bb||||||||\u00bb header_2_font=\u00bb||||||||\u00bb header_2_font_size=\u00bb27px\u00bb text_orientation=\u00bbjustified\u00bb hover_enabled=\u00bb0&#8243; global_colors_info=\u00bb{}\u00bb sticky_enabled=\u00bb0&#8243;]<\/p>\n<p><strong>Esta es la informaci\u00f3n b\u00e1sica que necesitamos para comenzar a preparar su declaraci\u00f3n de impuestos de EE.UU.<\/strong><\/p>\n<p>Aseg\u00farese de haber cargado toda la informaci\u00f3n que aparece en esta p\u00e1gina en el <strong><a href=\"https:\/\/ustaxconsultants.es\/es\/area-de-clientes\/\">\u00c1rea de Clientes<\/a><\/strong>.<\/p>\n<p>En caso de que haya recibido alg\u00fan otro ingreso que no aparece en la lista a continuaci\u00f3n, o su situaci\u00f3n fiscal es m\u00e1s complicada de lo normal, por favor cont\u00e1ctenos. Por favor, si ya disponemos de la documentaci\u00f3n de esta lista de a\u00f1os anteriores, no la vuelva a subir. Si es un contribuyente que no ha presentado las declaraciones de a\u00f1os anteriores, haga clic <strong><a href=\"https:\/\/ustaxconsultants.es\/es\/streamlined\/\">AQU\u00cd<\/a><\/strong>.<\/p>\n<ol>\n<li>Nombre completo, fecha de nacimiento y SSN del contribuyente, c\u00f3nyuge e hijos o dependientes. <strong>Copia en pdf del pasaporte estadounidense y la tarjeta SSN<\/strong>.<\/li>\n<li><strong>Direcci\u00f3n actual donde vive<\/strong> y el pa\u00eds donde vivi\u00f3 durante el a\u00f1o fiscal (a\u00f1o pasado), donde haya vivido m\u00e1s de 183 d\u00edas, por lo que fue residente fiscal de ese pa\u00eds.<\/li>\n<li><strong>DNI en Espa\u00f1a<\/strong> del contribuyente y del c\u00f3nyuge (DNI \/ NIE)<\/li>\n<li>Declaraci\u00f3n de impuestos espa\u00f1ola IRPF del a\u00f1o pasado, si se present\u00f3 y <strong>Declaraci\u00f3n IRPF espa\u00f1ola del presente a\u00f1o<\/strong> ya sea como residente o como no residente y una <strong>copia de los \u00abDatos fiscales\u00bb de la AEAT.<\/strong>.<\/li>\n<li>Form 1040 Declaraci\u00f3n de Impuestos Individuales de EE.UU. del a\u00f1o pasado y declaraci\u00f3n de impuestos estatales, si corresponde.<\/li>\n<li><strong>Ingresos del trabajo por cuenta ajena:<\/strong>\n<ol>\n<li>Certificado de retenciones del empleador en Espa\u00f1a.<\/li>\n<li>W2, indicando si el trabajo se realiz\u00f3 en Espa\u00f1a o Estados Unidos.<\/li>\n<li>Cualquier otro ingreso laboral: es decir, compensaci\u00f3n por desempleo, indemnizaciones, etc.<\/li>\n<\/ol>\n<\/li>\n<li><strong>Ingresos del trabajo por cuenta propia (Aut\u00f3nomo):<\/strong>\n<ol>\n<li>Tipo de actividad econ\u00f3mica. Ingresos y gastos.<\/li>\n<\/ol>\n<\/li>\n<li><strong>Intereses, dividendos y ganancias de capital:<\/strong>\n<ol>\n<li>Datos fiscales de su banco en Espa\u00f1a.<\/li>\n<li>1099-INT, 1099-DIV y 1099-B de las instituciones financieras de EE.UU.<\/li>\n<\/ol>\n<\/li>\n<li><strong>Rentas de la propiedad por alquileres: <\/strong>Por favor utiliza <span style=\"text-decoration: underline;\"><a href=\"https:\/\/www.ustaxconsultants.es\/wp-content\/uploads\/2025\/03\/Alquileres-Rentals.xlsx\" rel=\"attachment wp-att-15164\"><strong>HELPRENT<\/strong><\/a><\/span>\u00a0para enviarnos la informaci\u00f3n completa de cada alquiler\n<ol>\n<li>Direcci\u00f3n completa de cualquier inmueble de propiedad (Espa\u00f1a y el extranjero) y % de propiedad.<\/li>\n<li>Fecha de adquisici\u00f3n y precio de adquisici\u00f3n. Fecha del contrato de alquiler.<\/li>\n<li>Ingresos y gastos del alquiler.<\/li>\n<\/ol>\n<\/li>\n<li><strong>Pensiones y prestaciones de seguridad social:<\/strong>\n<ol>\n<li>Certificado de retenciones del INE espa\u00f1ol.<\/li>\n<li>1099-R de todas las anualidades y distribuciones de sus planes de pensiones de EE.UU.<\/li>\n<li>199SSA de la Seguridad Social de EE.UU.<\/li>\n<\/ol>\n<\/li>\n<li><strong>Cheques de est\u00edmulo COVID-19 de la administraci\u00f3n estadounidense (Solo para el a\u00f1o 2021), hasta el 15 de abril de 2025<\/strong><\/li>\n<li><strong>Si posee m\u00e1s del 10% o es administrador de una S.L. espa\u00f1ola<\/strong>\n<ol>Sube el Modelo 200 \u201cImpuesto de Sociedades\u201d de los \u00faltimos dos a\u00f1os.<\/ol>\n<\/li>\n<li><strong>Si tiene Fondos de Inversi\u00f3n considerados como PFICs por el IRS<\/strong>\n<ol>Necesitamos la lista de todas las transacciones del PFIC (fecha, tipo de transacci\u00f3n, participaciones y valor) desde que se abri\u00f3.<\/ol>\n<\/li>\n<li><strong>Por favor compruebe si tiene que presentar el <a href=\"https:\/\/www.ustaxconsultants.es\/es\/fincen114\/\"><span style=\"text-decoration: underline;\">FinCEN 114 (FBAR)<\/span><\/a><\/strong>\n<ol>Si quiere que se lo presentemos nosotros, no dude en dec\u00edrnoslo, si por el contrario lo hace usted directamente, por favor, env\u00edenos una copia. Gracias<\/ol>\n<\/li>\n<\/ol>\n<p>[\/et_pb_text][\/et_pb_column][\/et_pb_row][\/et_pb_section][et_pb_section fb_built=\u00bb1&#8243; admin_label=\u00bbSection\u00bb _builder_version=\u00bb4.19.1&#8243; _module_preset=\u00bbdefault\u00bb background_color=\u00bb#efedee\u00bb da_disable_devices=\u00bboff|off|off\u00bb global_colors_info=\u00bb{}\u00bb da_is_popup=\u00bboff\u00bb da_exit_intent=\u00bboff\u00bb da_has_close=\u00bbon\u00bb da_alt_close=\u00bboff\u00bb da_dark_close=\u00bboff\u00bb da_not_modal=\u00bbon\u00bb da_is_singular=\u00bboff\u00bb da_with_loader=\u00bboff\u00bb da_has_shadow=\u00bbon\u00bb][et_pb_row _builder_version=\u00bb4.19.1&#8243; _module_preset=\u00bbdefault\u00bb animation_style=\u00bbfade\u00bb global_colors_info=\u00bb{}\u00bb][et_pb_column type=\u00bb4_4&#8243; _builder_version=\u00bb4.19.1&#8243; _module_preset=\u00bbdefault\u00bb global_colors_info=\u00bb{}\u00bb][et_pb_menu menu_id=\u00bb6&#8243; active_link_color=\u00bb#2A2761&#8243; logo=\u00bbhttps:\/\/ustaxconsultants.es\/wp-content\/uploads\/2023\/01\/Logo-UTC.png\u00bb logo_width=\u00bb25%\u00bb _builder_version=\u00bb4.19.4&#8243; _module_preset=\u00bbdefault\u00bb menu_font=\u00bb|||on|||||\u00bb menu_text_color=\u00bb#2A2761&#8243; background_enable_color=\u00bboff\u00bb text_orientation=\u00bbright\u00bb hover_enabled=\u00bb0&#8243; global_colors_info=\u00bb{}\u00bb sticky_enabled=\u00bb0&#8243;][\/et_pb_menu][\/et_pb_column][\/et_pb_row][et_pb_row column_structure=\u00bb1_2,1_2&#8243; make_equal=\u00bbon\u00bb _builder_version=\u00bb4.19.1&#8243; _module_preset=\u00bbdefault\u00bb animation_style=\u00bbfade\u00bb global_colors_info=\u00bb{}\u00bb][et_pb_column type=\u00bb1_2&#8243; _builder_version=\u00bb4.19.1&#8243; _module_preset=\u00bbdefault\u00bb global_colors_info=\u00bb{}\u00bb][et_pb_text _builder_version=\u00bb4.19.4&#8243; _module_preset=\u00bbdefault\u00bb text_text_color=\u00bb#707070&#8243; text_font_size=\u00bb17px\u00bb header_2_text_color=\u00bb#2A2761&#8243; header_2_font_size=\u00bb36px\u00bb animation_style=\u00bbfade\u00bb animation_delay=\u00bb100ms\u00bb global_colors_info=\u00bb{}\u00bb]<\/p>\n<h2>CONT\u00c1CTANOS<\/h2>\n<p>&nbsp;<\/p>\n<p>Estaremos encantados en atenderte. Ll\u00e1manos o env\u00eda un mensaje usando el formulario de contacto. Te responderemos a la mayor brevedad posible.<\/p>\n<p>[\/et_pb_text][et_pb_text disabled_on=\u00bbon|on|off\u00bb _builder_version=\u00bb4.19.4&#8243; _module_preset=\u00bbdefault\u00bb text_text_color=\u00bb#707070&#8243; position_origin_a=\u00bbbottom_left\u00bb position_origin_r=\u00bbbottom_left\u00bb width=\u00bb100%\u00bb animation_style=\u00bbfade\u00bb animation_delay=\u00bb200ms\u00bb global_colors_info=\u00bb{}\u00bb]<\/p>\n<p>info@ustaxconsultants.es<\/p>\n<p>+34 915 194 392<\/p>\n<p>Traves\u00eda de las Ca\u00f1as, 2 &#8211; 28043 Madrid, Spain<br \/>\u00a0\u00a0\u00a0\u00a0\u00a0Lunes \u2013 Viernes: 9am&#8211;2pm, S\u00e1bado &amp; Domingo: Cerrado<\/p>\n<p>Naval Station Rota &#8211; Rota Gateway Mall &#8211; 11530 Rota, Spain<br \/>\u00a0\u00a0\u00a0\u00a0\u00a0Lunes \u2013 Viernes: 11m&#8211;6pm, S\u00e1bado &amp; Domingo: Cerrado<\/p>\n<p>Sitio do Alportel 32A &#8211; Sao Bras de Alportel &#8211; Algarve 8150-014, Portugal<\/p>\n<p>[\/et_pb_text][et_pb_blurb title=\u00bbSuscr\u00edbete a nuestra Newsletter\u00bb image=\u00bbhttps:\/\/ustaxconsultants.es\/wp-content\/uploads\/2023\/01\/Slide-5-Icono-3.png\u00bb image_icon_width=\u00bb60%\u00bb icon_alignment=\u00bbleft\u00bb _builder_version=\u00bb4.19.4&#8243; _module_preset=\u00bbdefault\u00bb header_text_color=\u00bb#29245c\u00bb header_font_size=\u00bb21px\u00bb header_line_height=\u00bb1.2em\u00bb width=\u00bb34%\u00bb link_option_url=\u00bbhttps:\/\/ustaxconsultants.es\/es\/newsletters\/\u00bb global_colors_info=\u00bb{}\u00bb][\/et_pb_blurb][et_pb_menu menu_id=\u00bb55&#8243; _builder_version=\u00bb4.19.4&#8243; _module_preset=\u00bbdefault\u00bb background_enable_color=\u00bboff\u00bb positioning=\u00bbabsolute\u00bb position_origin_a=\u00bbbottom_left\u00bb width=\u00bb100%\u00bb global_colors_info=\u00bb{}\u00bb][\/et_pb_menu][\/et_pb_column][et_pb_column type=\u00bb1_2&#8243; _builder_version=\u00bb4.19.1&#8243; _module_preset=\u00bbdefault\u00bb global_colors_info=\u00bb{}\u00bb][et_pb_code _builder_version=\u00bb4.19.1&#8243; _module_preset=\u00bbdefault\u00bb global_colors_info=\u00bb{}\u00bb]<iframe src=\"https:\/\/www.google.com\/maps\/embed?pb=!1m18!1m12!1m3!1d3035.79751938099!2d-3.6625915846028247!3d40.45761827936043!2m3!1f0!2f0!3f0!3m2!1i1024!2i768!4f13.1!3m3!1m2!1s0xd422ed4fde07c27%3A0x5e736bb0ed5bc204!2sUS%20Tax%20Consultants!5e0!3m2!1sen!2sgr!4v1669199220742!5m2!1sen!2sgr\" width=\"600\" height=\"450\" style=\"border:0;\" allowfullscreen=\"\" loading=\"lazy\" referrerpolicy=\"no-referrer-when-downgrade\"><\/iframe>[\/et_pb_code][et_pb_button button_url=\u00bbhttps:\/\/ustaxconsultants.es\/es\/contact\/\u00bb button_text=\u00bbCont\u00e1ctanos\u00bb button_alignment=\u00bbright\u00bb _builder_version=\u00bb4.19.4&#8243; _module_preset=\u00bbdefault\u00bb custom_button=\u00bbon\u00bb button_text_color=\u00bb#FFFFFF\u00bb button_bg_color=\u00bb#bd1521&#8243; button_border_color=\u00bbRGBA(255,255,255,0)\u00bb button_font=\u00bb|600|||||||\u00bb button_on_hover=\u00bboff\u00bb positioning=\u00bbabsolute\u00bb position_origin_a=\u00bbbottom_right\u00bb custom_margin=\u00bb||||false|false\u00bb custom_padding=\u00bb9px|70px|9px|70px|true|true\u00bb animation_style=\u00bbslide\u00bb animation_direction=\u00bbtop\u00bb animation_delay=\u00bb200ms\u00bb animation_intensity_slide=\u00bb13%\u00bb global_colors_info=\u00bb{}\u00bb][\/et_pb_button][\/et_pb_column][\/et_pb_row][\/et_pb_section]<\/p>\n","protected":false},"excerpt":{"rendered":"<p>Lista de documentaci\u00f3n. Form 1040 Esto es lo que necesitamos para comenzar a preparar su declaraci\u00f3n de impuestos en EE.UU.Esta es la informaci\u00f3n b\u00e1sica que necesitamos para comenzar a preparar su declaraci\u00f3n de impuestos de EE.UU. Aseg\u00farese de haber cargado toda la informaci\u00f3n que aparece en esta p\u00e1gina en el \u00c1rea de Clientes. En caso [&hellip;]<\/p>\n","protected":false},"author":6,"featured_media":0,"parent":0,"menu_order":0,"comment_status":"closed","ping_status":"closed","template":"","meta":{"_acf_changed":false,"_et_pb_use_builder":"on","_et_pb_old_content":"","_et_gb_content_width":"","_monsterinsights_skip_tracking":false,"_monsterinsights_sitenote_active":false,"_monsterinsights_sitenote_note":"","_monsterinsights_sitenote_category":0,"footnotes":"","_links_to":"","_links_to_target":""},"class_list":["post-9589","page","type-page","status-publish","hentry"],"acf":[],"_links":{"self":[{"href":"https:\/\/ustaxweb.azurewebsites.net\/es\/wp-json\/wp\/v2\/pages\/9589","targetHints":{"allow":["GET"]}}],"collection":[{"href":"https:\/\/ustaxweb.azurewebsites.net\/es\/wp-json\/wp\/v2\/pages"}],"about":[{"href":"https:\/\/ustaxweb.azurewebsites.net\/es\/wp-json\/wp\/v2\/types\/page"}],"author":[{"embeddable":true,"href":"https:\/\/ustaxweb.azurewebsites.net\/es\/wp-json\/wp\/v2\/users\/6"}],"replies":[{"embeddable":true,"href":"https:\/\/ustaxweb.azurewebsites.net\/es\/wp-json\/wp\/v2\/comments?post=9589"}],"version-history":[{"count":0,"href":"https:\/\/ustaxweb.azurewebsites.net\/es\/wp-json\/wp\/v2\/pages\/9589\/revisions"}],"wp:attachment":[{"href":"https:\/\/ustaxweb.azurewebsites.net\/es\/wp-json\/wp\/v2\/media?parent=9589"}],"curies":[{"name":"wp","href":"https:\/\/api.w.org\/{rel}","templated":true}]}}