{"id":15199,"date":"2025-03-09T22:09:04","date_gmt":"2025-03-09T21:09:04","guid":{"rendered":"https:\/\/www.ustaxconsultants.es\/?page_id=15199"},"modified":"2025-03-09T22:13:41","modified_gmt":"2025-03-09T21:13:41","slug":"check-list-of-documentation-required-for-registration-as-self-employed","status":"publish","type":"page","link":"https:\/\/ustaxweb.azurewebsites.net\/es\/check-list-of-documentation-required-for-registration-as-self-employed\/","title":{"rendered":"Lista de documentaci\u00f3n necesaria para el alta como at\u00f3nom@"},"content":{"rendered":"<p>[et_pb_section fb_built=\u00bb1&#8243; admin_label=\u00bbsection\u00bb _builder_version=\u00bb4.16&#8243; global_colors_info=\u00bb{}\u00bb da_is_popup=\u00bboff\u00bb da_exit_intent=\u00bboff\u00bb da_has_close=\u00bbon\u00bb da_alt_close=\u00bboff\u00bb da_dark_close=\u00bboff\u00bb da_not_modal=\u00bbon\u00bb da_is_singular=\u00bboff\u00bb da_with_loader=\u00bboff\u00bb da_has_shadow=\u00bbon\u00bb da_disable_devices=\u00bboff|off|off\u00bb][et_pb_row admin_label=\u00bbrow\u00bb _builder_version=\u00bb4.16&#8243; background_size=\u00bbinitial\u00bb background_position=\u00bbtop_left\u00bb background_repeat=\u00bbrepeat\u00bb global_colors_info=\u00bb{}\u00bb][et_pb_column type=\u00bb4_4&#8243; _builder_version=\u00bb4.16&#8243; custom_padding=\u00bb|||\u00bb global_colors_info=\u00bb{}\u00bb custom_padding__hover=\u00bb|||\u00bb][et_pb_text admin_label=\u00bbText\u00bb _builder_version=\u00bb4.16&#8243; background_size=\u00bbinitial\u00bb background_position=\u00bbtop_left\u00bb background_repeat=\u00bbrepeat\u00bb global_colors_info=\u00bb{}\u00bb]<strong>Esta es la documentaci\u00f3n imprescindible para poder darle de alta en el RETA, el r\u00e9gimen especial de la SS para Autonom@s.<\/strong><\/p>\n<p>Por favor aseg\u00farese de que sube toda la documentaci\u00f3n de la lista al <strong><a href=\"https:\/\/www.ustaxconsultants.es\/es\/area-de-clientes\/\">\u00c1rea de clientes<\/a><\/strong><\/p>\n<ol>\n<li><strong>Copia de tu DNI\/NIE<\/strong>: Por favor, aporta una copia escaneada de tu DNI o NIE.<\/li>\n<li><strong>Estado civil y fechas relevantes<\/strong>: Indica tu estado civil, si procede, (soltero, casado, divorciado, viudo\/a) junto con las fechas relevantes.<\/li>\n<li><strong>IBAN<\/strong> de tu cuenta bancaria espa\u00f1ola: Necesitamos tu n\u00famero de cuenta bancaria internacional (IBAN) para realizar transacciones financieras.<\/li>\n<li><strong>Fecha de inicio propuesta<\/strong>: Ind\u00edcanos la fecha en la que pretendes comenzar tu actividad. Recuerda que no puedes ejercer ninguna actividad econ\u00f3mica en Espa\u00f1a antes de esta fecha.<\/li>\n<li><strong>Breve descripci\u00f3n de la actividad<\/strong>: Por favor, proporciona una breve descripci\u00f3n de la actividad econ\u00f3mica que planeas realizar. Esto nos ayudar\u00e1 a identificar el c\u00f3digo de actividad econ\u00f3mica adecuado.<\/li>\n<li><strong>Direcci\u00f3n del lugar de trabajo<\/strong>: Si trabajas desde casa, especifica la direcci\u00f3n. Adem\u00e1s, indica los metros cuadrados de la superficie que utilizar\u00e1s para tu actividad (p. ej., si utilizas una sala de 9m\u00b2 de una superficie total de 100m\u00b2).<\/li>\n<li><strong>Ingresos anuales estimados<\/strong>: Comparte tus ingresos anuales estimados.<\/li>\n<li><strong>Tarifa plana especial para el pago de la Seguridad Social<\/strong>: Confirma si deseas solicitar la tarifa plana especial para el pago de la Seguridad Social. Esta tarifa mensual reducida de 80\u20ac est\u00e1 disponible para los nuevos aut\u00f3nomos durante un a\u00f1o antes de pasar a cotizar de forma regular en funci\u00f3n de los ingresos reales.<\/li>\n<li><strong>Clientes de la Uni\u00f3n Europea<\/strong>: Si prev\u00e9s tener clientes de la UE, tendr\u00e1s que darte de alta en el registro especial ROI (VIES). Este registro te permite emitir facturas a clientes de la UE sin cobrar IVA.<\/li>\n<li><strong>Tu n\u00famero de la Seguridad Social en Espa\u00f1a<\/strong>: Si a\u00fan no lo tienes, debemos solicitarlo en tu documento de alta. Para ello, necesitar\u00eda saber tu lugar de nacimiento (Ciudad, Provincia, Pa\u00eds) y los nombres de tus padres.<\/li>\n<\/ol>\n<p>[\/et_pb_text][\/et_pb_column][\/et_pb_row][\/et_pb_section]<\/p>\n","protected":false},"excerpt":{"rendered":"<p>Esta es la documentaci\u00f3n imprescindible para poder darle de alta en el RETA, el r\u00e9gimen especial de la SS para Autonom@s. Por favor aseg\u00farese de que sube toda la documentaci\u00f3n de la lista al \u00c1rea de clientes Copia de tu DNI\/NIE: Por favor, aporta una copia escaneada de tu DNI o NIE. Estado civil y [&hellip;]<\/p>\n","protected":false},"author":4,"featured_media":0,"parent":0,"menu_order":0,"comment_status":"closed","ping_status":"closed","template":"","meta":{"_acf_changed":false,"_et_pb_use_builder":"on","_et_pb_old_content":"","_et_gb_content_width":"","_monsterinsights_skip_tracking":false,"_monsterinsights_sitenote_active":false,"_monsterinsights_sitenote_note":"","_monsterinsights_sitenote_category":0,"footnotes":"","_links_to":"","_links_to_target":""},"class_list":["post-15199","page","type-page","status-publish","hentry"],"acf":[],"_links":{"self":[{"href":"https:\/\/ustaxweb.azurewebsites.net\/es\/wp-json\/wp\/v2\/pages\/15199","targetHints":{"allow":["GET"]}}],"collection":[{"href":"https:\/\/ustaxweb.azurewebsites.net\/es\/wp-json\/wp\/v2\/pages"}],"about":[{"href":"https:\/\/ustaxweb.azurewebsites.net\/es\/wp-json\/wp\/v2\/types\/page"}],"author":[{"embeddable":true,"href":"https:\/\/ustaxweb.azurewebsites.net\/es\/wp-json\/wp\/v2\/users\/4"}],"replies":[{"embeddable":true,"href":"https:\/\/ustaxweb.azurewebsites.net\/es\/wp-json\/wp\/v2\/comments?post=15199"}],"version-history":[{"count":0,"href":"https:\/\/ustaxweb.azurewebsites.net\/es\/wp-json\/wp\/v2\/pages\/15199\/revisions"}],"wp:attachment":[{"href":"https:\/\/ustaxweb.azurewebsites.net\/es\/wp-json\/wp\/v2\/media?parent=15199"}],"curies":[{"name":"wp","href":"https:\/\/api.w.org\/{rel}","templated":true}]}}